{"id":20,"date":"2020-12-03T01:55:53","date_gmt":"2020-12-03T01:55:53","guid":{"rendered":"https:\/\/aroska.pt\/?page_id=20"},"modified":"2020-12-04T23:57:59","modified_gmt":"2020-12-04T23:57:59","slug":"services","status":"publish","type":"page","link":"https:\/\/aroska.pt\/fr\/services\/","title":{"rendered":"Service"},"content":{"rendered":"<div data-elementor-type=\"wp-page\" data-elementor-id=\"20\" class=\"elementor elementor-20\" data-elementor-settings=\"[]\">\n\t\t\t\t\t\t<div class=\"elementor-inner\">\n\t\t\t\t\t\t\t<div class=\"elementor-section-wrap\">\n\t\t\t\t\t\t\t<section class=\"elementor-section elementor-top-section elementor-element elementor-element-a7cd45e bg-light-1 flux-elementor-theme-dark pt-large elementor-section-boxed elementor-section-height-default elementor-section-height-default elementor-invisible\" data-id=\"a7cd45e\" data-element_type=\"section\" data-settings=\"{&quot;animation&quot;:&quot;fadeIn&quot;}\">\n\t\t\t\t\t\t<div class=\"elementor-container elementor-column-gap-default\">\n\t\t\t\t\t\t\t<div class=\"elementor-row\">\n\t\t\t\t\t<div class=\"elementor-column elementor-col-100 elementor-top-column elementor-element elementor-element-90e36e3\" data-id=\"90e36e3\" data-element_type=\"column\">\n\t\t\t<div class=\"elementor-column-wrap elementor-element-populated\">\n\t\t\t\t\t\t\t<div class=\"elementor-widget-wrap\">\n\t\t\t\t\t\t<div class=\"elementor-element elementor-element-3e73d81 text-center elementor-widget elementor-widget-flux-widget-content-block\" data-id=\"3e73d81\" data-element_type=\"widget\" data-widget_type=\"flux-widget-content-block.default\">\n\t\t\t\t<div class=\"elementor-widget-container\">\n\t\t\t\n\t\t<div class=\"section section-content clearfix\" data-flux-os-animation=\"true\">\n\t\t\t\t\t\t<div class=\"section-content__inner\">\n\t\t\t\t\t\t\t\t\t<div class=\"section-content__wrapper-heading\">\n\t\t\t\t\t\t\t\t\t\t\t\t\t\t\t\t\t\t\t<div class=\"section-content__heading split-text js-split-text mb-1\" data-split-text-type=\"lines,words\" data-split-text-set=\"words\"><h2 style=\"text-align: center;\">Service<\/h2><\/div>\n\t\t\t\t\t\t\t\t\t\t\t<\/div>\n\t\t\t\t\t\t\t\t\t\t\t\t\t<div class=\"section-content__wrapper-content\">\n\t\t\t\t\t\t\t\t\t\t\t\t\t<div class=\"w-100\"><\/div>\n\t\t\t\t\t\t\t\t\t\t\t\t\t\t<div class=\"section__headline mt-1 mt-md-2 mb-1 mb-md-2\"><\/div>\n\t\t\t\t\t\t\t\t\t\t\t\t\t\t\t\t\t\t\t<div class=\"w-100\"><\/div>\n\t\t\t\t\t\t\t<div class=\"section-content__text split-text js-split-text\" data-split-text-type=\"lines\" data-split-text-set=\"lines\">Aroska est un hub ou un connecteur pour des projets de conseil multi dimensionnels et disciplinaires et des solutions technologiques (logiciels et mat\u00e9riels) pour organisations nationales et transnationales qui souhaitent augmenter leurs r\u00e9sultats. Le mot cl\u00e9 est d'accepter les comp\u00e9tences.\n<\/div>\n\t\t\t\t\t\t\t\t\t\t\t<\/div>\n\t\t\t\t\t\t\t\t\t\t\t<\/div>\n\t\t\t\t\t\t\t\t\t\t\t\t\t\t<\/div>\n\n\t\t\t\t<\/div>\n\t\t\t\t<\/div>\n\t\t\t\t\t\t<\/div>\n\t\t\t\t\t<\/div>\n\t\t<\/div>\n\t\t\t\t\t\t\t\t<\/div>\n\t\t\t\t\t<\/div>\n\t\t<\/section>\n\t\t\t\t<section class=\"elementor-section elementor-top-section elementor-element elementor-element-da1cc78 pt-xsmall bg-light-1 flux-elementor-theme-dark elementor-section-boxed elementor-section-height-default elementor-section-height-default\" data-id=\"da1cc78\" data-element_type=\"section\">\n\t\t\t\t\t\t<div class=\"elementor-container elementor-column-gap-default\">\n\t\t\t\t\t\t\t<div class=\"elementor-row\">\n\t\t\t\t\t<div class=\"elementor-column elementor-col-100 elementor-top-column elementor-element elementor-element-7706471\" data-id=\"7706471\" data-element_type=\"column\">\n\t\t\t<div class=\"elementor-column-wrap elementor-element-populated\">\n\t\t\t\t\t\t\t<div class=\"elementor-widget-wrap\">\n\t\t\t\t\t\t<section class=\"elementor-section elementor-inner-section elementor-element elementor-element-11b9f37 elementor-section-full_width elementor-section-height-default elementor-section-height-default\" data-id=\"11b9f37\" data-element_type=\"section\">\n\t\t\t\t\t\t<div class=\"elementor-container elementor-column-gap-default\">\n\t\t\t\t\t\t\t<div class=\"elementor-row\">\n\t\t\t\t\t<div class=\"elementor-column elementor-col-33 elementor-inner-column elementor-element elementor-element-3085caa\" data-id=\"3085caa\" data-element_type=\"column\">\n\t\t\t<div class=\"elementor-column-wrap elementor-element-populated\">\n\t\t\t\t\t\t\t<div class=\"elementor-widget-wrap\">\n\t\t\t\t\t\t<div class=\"elementor-element elementor-element-f976368 elementor-position-left elementor-vertical-align-middle elementor-invisible elementor-widget elementor-widget-image-box\" data-id=\"f976368\" data-element_type=\"widget\" data-settings=\"{&quot;_animation_tablet&quot;:&quot;fadeInLeft&quot;,&quot;_animation&quot;:&quot;fadeIn&quot;}\" data-widget_type=\"image-box.default\">\n\t\t\t\t<div class=\"elementor-widget-container\">\n\t\t\t<div class=\"elementor-image-box-wrapper\"><figure class=\"elementor-image-box-img\"><img width=\"132\" height=\"122\" src=\"https:\/\/aroska.pt\/wp-content\/uploads\/2020\/12\/cons.svg\" class=\"elementor-animation-grow attachment-full size-full\" alt=\"\" loading=\"lazy\" \/><\/figure><div class=\"elementor-image-box-content\"><span class=\"elementor-image-box-title\">CONSULTATION<\/span><p class=\"elementor-image-box-description\">Multidimensionnel et <br\/> Disciplinaire<br\/> <\/p><\/div><\/div>\t\t<\/div>\n\t\t\t\t<\/div>\n\t\t\t\t\t\t<\/div>\n\t\t\t\t\t<\/div>\n\t\t<\/div>\n\t\t\t\t<div class=\"elementor-column elementor-col-33 elementor-inner-column elementor-element elementor-element-bb98693\" data-id=\"bb98693\" data-element_type=\"column\">\n\t\t\t<div class=\"elementor-column-wrap elementor-element-populated\">\n\t\t\t\t\t\t\t<div class=\"elementor-widget-wrap\">\n\t\t\t\t\t\t<div class=\"elementor-element elementor-element-b9e2140 elementor-position-left elementor-vertical-align-middle elementor-invisible elementor-widget elementor-widget-image-box\" data-id=\"b9e2140\" data-element_type=\"widget\" data-settings=\"{&quot;_animation_tablet&quot;:&quot;fadeInLeft&quot;,&quot;_animation&quot;:&quot;fadeIn&quot;,&quot;_animation_delay&quot;:200}\" data-widget_type=\"image-box.default\">\n\t\t\t\t<div class=\"elementor-widget-container\">\n\t\t\t<div class=\"elementor-image-box-wrapper\"><figure class=\"elementor-image-box-img\"><img width=\"132\" height=\"122\" src=\"https:\/\/aroska.pt\/wp-content\/uploads\/2020\/12\/design.svg\" class=\"elementor-animation-grow attachment-full size-full\" alt=\"\" loading=\"lazy\" \/><\/figure><div class=\"elementor-image-box-content\"><span class=\"elementor-image-box-title\">Graphique <\/span><p class=\"elementor-image-box-description\">Traditionnel et Digital<\/p><\/div><\/div>\t\t<\/div>\n\t\t\t\t<\/div>\n\t\t\t\t\t\t<\/div>\n\t\t\t\t\t<\/div>\n\t\t<\/div>\n\t\t\t\t<div class=\"elementor-column elementor-col-33 elementor-inner-column elementor-element elementor-element-168c9e8\" data-id=\"168c9e8\" data-element_type=\"column\">\n\t\t\t<div class=\"elementor-column-wrap elementor-element-populated\">\n\t\t\t\t\t\t\t<div class=\"elementor-widget-wrap\">\n\t\t\t\t\t\t<div class=\"elementor-element elementor-element-7a1d9cf elementor-position-left elementor-vertical-align-middle elementor-invisible elementor-widget elementor-widget-image-box\" data-id=\"7a1d9cf\" data-element_type=\"widget\" data-settings=\"{&quot;_animation_tablet&quot;:&quot;fadeInLeft&quot;,&quot;_animation&quot;:&quot;fadeIn&quot;,&quot;_animation_delay&quot;:400}\" data-widget_type=\"image-box.default\">\n\t\t\t\t<div class=\"elementor-widget-container\">\n\t\t\t<div class=\"elementor-image-box-wrapper\"><figure class=\"elementor-image-box-img\"><img width=\"132\" height=\"122\" src=\"https:\/\/aroska.pt\/wp-content\/uploads\/2020\/12\/software.svg\" class=\"elementor-animation-grow attachment-full size-full\" alt=\"\" loading=\"lazy\" \/><\/figure><div class=\"elementor-image-box-content\"><span class=\"elementor-image-box-title\">Software<\/span><p class=\"elementor-image-box-description\">Pages de Destination, Sites Web, Boutiques en ligne, Plates-formes, Int\u00e9grations, Applications, CRMs\/ ERPs<\/p><\/div><\/div>\t\t<\/div>\n\t\t\t\t<\/div>\n\t\t\t\t\t\t<\/div>\n\t\t\t\t\t<\/div>\n\t\t<\/div>\n\t\t\t\t\t\t\t\t<\/div>\n\t\t\t\t\t<\/div>\n\t\t<\/section>\n\t\t\t\t<section class=\"elementor-section elementor-inner-section elementor-element elementor-element-5668fa7 elementor-section-full_width elementor-section-height-default elementor-section-height-default\" data-id=\"5668fa7\" data-element_type=\"section\">\n\t\t\t\t\t\t<div class=\"elementor-container elementor-column-gap-default\">\n\t\t\t\t\t\t\t<div class=\"elementor-row\">\n\t\t\t\t\t<div class=\"elementor-column elementor-col-33 elementor-inner-column elementor-element elementor-element-b934fe7\" data-id=\"b934fe7\" data-element_type=\"column\">\n\t\t\t<div class=\"elementor-column-wrap elementor-element-populated\">\n\t\t\t\t\t\t\t<div class=\"elementor-widget-wrap\">\n\t\t\t\t\t\t<div class=\"elementor-element elementor-element-5ada299 elementor-position-left elementor-vertical-align-middle elementor-invisible elementor-widget elementor-widget-image-box\" data-id=\"5ada299\" data-element_type=\"widget\" data-settings=\"{&quot;_animation_tablet&quot;:&quot;fadeInLeft&quot;,&quot;_animation&quot;:&quot;fadeIn&quot;,&quot;_animation_delay&quot;:600}\" data-widget_type=\"image-box.default\">\n\t\t\t\t<div class=\"elementor-widget-container\">\n\t\t\t<div class=\"elementor-image-box-wrapper\"><figure class=\"elementor-image-box-img\"><img width=\"132\" height=\"122\" src=\"https:\/\/aroska.pt\/wp-content\/uploads\/2020\/12\/hardware.svg\" class=\"elementor-animation-grow attachment-full size-full\" alt=\"\" loading=\"lazy\" \/><\/figure><div class=\"elementor-image-box-content\"><span class=\"elementor-image-box-title\">Hardware <\/span><p class=\"elementor-image-box-description\">\u00c9quipement Informatique, Impression, Capteurs, S\u00e9curit\u00e9 et T\u00e9l\u00e9communications<\/p><\/div><\/div>\t\t<\/div>\n\t\t\t\t<\/div>\n\t\t\t\t\t\t<\/div>\n\t\t\t\t\t<\/div>\n\t\t<\/div>\n\t\t\t\t<div class=\"elementor-column elementor-col-33 elementor-inner-column elementor-element elementor-element-a0d06c9\" data-id=\"a0d06c9\" data-element_type=\"column\">\n\t\t\t<div class=\"elementor-column-wrap elementor-element-populated\">\n\t\t\t\t\t\t\t<div class=\"elementor-widget-wrap\">\n\t\t\t\t\t\t<div class=\"elementor-element elementor-element-b4b89d7 elementor-position-left elementor-vertical-align-middle elementor-invisible elementor-widget elementor-widget-image-box\" data-id=\"b4b89d7\" data-element_type=\"widget\" data-settings=\"{&quot;_animation_tablet&quot;:&quot;fadeInLeft&quot;,&quot;_animation&quot;:&quot;fadeIn&quot;,&quot;_animation_delay&quot;:800}\" data-widget_type=\"image-box.default\">\n\t\t\t\t<div class=\"elementor-widget-container\">\n\t\t\t<div class=\"elementor-image-box-wrapper\"><figure class=\"elementor-image-box-img\"><img width=\"132\" height=\"122\" src=\"https:\/\/aroska.pt\/wp-content\/uploads\/2020\/12\/mind.svg\" class=\"elementor-animation-grow attachment-full size-full\" alt=\"\" loading=\"lazy\" \/><\/figure><div class=\"elementor-image-box-content\"><span class=\"elementor-image-box-title\">Business intelligence et machine learning<\/span><p class=\"elementor-image-box-description\">Mod\u00e9lisation et Analyse de Donn\u00e9es, Pr\u00e9vision et Pr\u00e9vision, Power BI et IA<\/p><\/div><\/div>\t\t<\/div>\n\t\t\t\t<\/div>\n\t\t\t\t\t\t<\/div>\n\t\t\t\t\t<\/div>\n\t\t<\/div>\n\t\t\t\t<div class=\"elementor-column elementor-col-33 elementor-inner-column elementor-element elementor-element-fc22ce4\" data-id=\"fc22ce4\" data-element_type=\"column\">\n\t\t\t<div class=\"elementor-column-wrap elementor-element-populated\">\n\t\t\t\t\t\t\t<div class=\"elementor-widget-wrap\">\n\t\t\t\t\t\t<div class=\"elementor-element elementor-element-2ab35c3 elementor-position-left elementor-vertical-align-middle elementor-invisible elementor-widget elementor-widget-image-box\" data-id=\"2ab35c3\" data-element_type=\"widget\" data-settings=\"{&quot;_animation_tablet&quot;:&quot;fadeInLeft&quot;,&quot;_animation&quot;:&quot;fadeIn&quot;,&quot;_animation_delay&quot;:1000}\" data-widget_type=\"image-box.default\">\n\t\t\t\t<div class=\"elementor-widget-container\">\n\t\t\t<div class=\"elementor-image-box-wrapper\"><figure class=\"elementor-image-box-img\"><img width=\"132\" height=\"122\" src=\"https:\/\/aroska.pt\/wp-content\/uploads\/2020\/12\/mkt.svg\" class=\"elementor-animation-grow attachment-full size-full\" alt=\"\" loading=\"lazy\" \/><\/figure><div class=\"elementor-image-box-content\"><span class=\"elementor-image-box-title\">Marketing Digital<\/span><p class=\"elementor-image-box-description\">SEO, R\u00e9seaux Sociaux et Campagnes<\/p><\/div><\/div>\t\t<\/div>\n\t\t\t\t<\/div>\n\t\t\t\t\t\t<\/div>\n\t\t\t\t\t<\/div>\n\t\t<\/div>\n\t\t\t\t\t\t\t\t<\/div>\n\t\t\t\t\t<\/div>\n\t\t<\/section>\n\t\t\t\t\t\t<\/div>\n\t\t\t\t\t<\/div>\n\t\t<\/div>\n\t\t\t\t\t\t\t\t<\/div>\n\t\t\t\t\t<\/div>\n\t\t<\/section>\n\t\t\t\t<section class=\"elementor-section elementor-top-section elementor-element elementor-element-c1cf038 pt-xsmall pb-medium bg-light-1 flux-elementor-theme-dark elementor-section-boxed elementor-section-height-default elementor-section-height-default\" data-id=\"c1cf038\" data-element_type=\"section\">\n\t\t\t\t\t\t<div class=\"elementor-container elementor-column-gap-default\">\n\t\t\t\t\t\t\t<div class=\"elementor-row\">\n\t\t\t\t\t<div class=\"elementor-column elementor-col-100 elementor-top-column elementor-element elementor-element-9487fec\" data-id=\"9487fec\" data-element_type=\"column\">\n\t\t\t<div class=\"elementor-column-wrap elementor-element-populated\">\n\t\t\t\t\t\t\t<div class=\"elementor-widget-wrap\">\n\t\t\t\t\t\t<div class=\"elementor-element elementor-element-f01ab1d elementor-align-center elementor-widget elementor-widget-flux-widget-button\" data-id=\"f01ab1d\" data-element_type=\"widget\" data-widget_type=\"flux-widget-button.default\">\n\t\t\t\t<div class=\"elementor-widget-container\">\n\t\t\t\n\t\t\t\t\t<div class=\"section section-content\" data-flux-os-animation=\"true\">\n\t\t\t\t<div class=\"section-content__button\">\n\t\t\t\t\t<a class=\"elementor-button-link button button_solid bg-dark-1\" href=\"https:\/\/aroska.pt\/fr\/contacts\/\" data-hover=\"CONTACT US NOW\">\n\t\t\t\t\t\t<span class=\"button__label-hover\">Nous contacter<\/span>\n\t\t\t\t\t<\/a>\n\t\t\t\t<\/div>\n\t\t\t<\/div>\n\t\t\n\t\t\t\t<\/div>\n\t\t\t\t<\/div>\n\t\t\t\t\t\t<\/div>\n\t\t\t\t\t<\/div>\n\t\t<\/div>\n\t\t\t\t\t\t\t\t<\/div>\n\t\t\t\t\t<\/div>\n\t\t<\/section>\n\t\t\t\t\t\t<\/div>\n\t\t\t\t\t\t<\/div>\n\t\t\t\t\t<\/div>","protected":false},"excerpt":{"rendered":"<p>Our Services Aroska is a hub or connector for multi dimensional and disciplinary consulting projects and technological solutions (software and hardware) for national and transnational organisations that desire to increase results. The keyword is to accept skills. CONSULTING Multidimensional and Disciplinary Graphics Traditional and Digital Software Landing pages, websites, online stores, platforms, integrations, APPs, CRMs\/ERPs [&hellip;]<\/p>","protected":false},"author":2,"featured_media":0,"parent":0,"menu_order":0,"comment_status":"closed","ping_status":"closed","template":"elementor_header_footer","meta":[],"_links":{"self":[{"href":"https:\/\/aroska.pt\/fr\/wp-json\/wp\/v2\/pages\/20"}],"collection":[{"href":"https:\/\/aroska.pt\/fr\/wp-json\/wp\/v2\/pages"}],"about":[{"href":"https:\/\/aroska.pt\/fr\/wp-json\/wp\/v2\/types\/page"}],"author":[{"embeddable":true,"href":"https:\/\/aroska.pt\/fr\/wp-json\/wp\/v2\/users\/2"}],"replies":[{"embeddable":true,"href":"https:\/\/aroska.pt\/fr\/wp-json\/wp\/v2\/comments?post=20"}],"version-history":[{"count":46,"href":"https:\/\/aroska.pt\/fr\/wp-json\/wp\/v2\/pages\/20\/revisions"}],"predecessor-version":[{"id":626,"href":"https:\/\/aroska.pt\/fr\/wp-json\/wp\/v2\/pages\/20\/revisions\/626"}],"wp:attachment":[{"href":"https:\/\/aroska.pt\/fr\/wp-json\/wp\/v2\/media?parent=20"}],"curies":[{"name":"wp","href":"https:\/\/api.w.org\/{rel}","templated":true}]}}