{"id":18,"date":"2020-12-03T01:55:39","date_gmt":"2020-12-03T01:55:39","guid":{"rendered":"https:\/\/aroska.pt\/?page_id=18"},"modified":"2020-12-18T00:30:22","modified_gmt":"2020-12-18T00:30:22","slug":"about-us","status":"publish","type":"page","link":"https:\/\/aroska.pt\/fr\/qui-nous-sommes\/","title":{"rendered":"Qui Nous Sommes"},"content":{"rendered":"<div data-elementor-type=\"wp-page\" data-elementor-id=\"18\" class=\"elementor elementor-18\" data-elementor-settings=\"[]\">\n\t\t\t\t\t\t<div class=\"elementor-inner\">\n\t\t\t\t\t\t\t<div class=\"elementor-section-wrap\">\n\t\t\t\t\t\t\t<section class=\"elementor-section elementor-top-section elementor-element elementor-element-ff1e590 bg-light-1 flux-elementor-theme-dark pt-large elementor-section-boxed elementor-section-height-default elementor-section-height-default elementor-invisible\" data-id=\"ff1e590\" data-element_type=\"section\" data-settings=\"{&quot;animation&quot;:&quot;fadeIn&quot;}\">\n\t\t\t\t\t\t<div class=\"elementor-container elementor-column-gap-default\">\n\t\t\t\t\t\t\t<div class=\"elementor-row\">\n\t\t\t\t\t<div class=\"elementor-column elementor-col-100 elementor-top-column elementor-element elementor-element-5bcc81e\" data-id=\"5bcc81e\" data-element_type=\"column\">\n\t\t\t<div class=\"elementor-column-wrap elementor-element-populated\">\n\t\t\t\t\t\t\t<div class=\"elementor-widget-wrap\">\n\t\t\t\t\t\t<div class=\"elementor-element elementor-element-9e002d2 text-center elementor-widget elementor-widget-flux-widget-content-block\" data-id=\"9e002d2\" data-element_type=\"widget\" data-widget_type=\"flux-widget-content-block.default\">\n\t\t\t\t<div class=\"elementor-widget-container\">\n\t\t\t\n\t\t<div class=\"section section-content clearfix\" data-flux-os-animation=\"true\">\n\t\t\t\t\t\t<div class=\"section-content__inner\">\n\t\t\t\t\t\t\t\t\t<div class=\"section-content__wrapper-heading\">\n\t\t\t\t\t\t\t\t\t\t\t\t\t\t\t\t\t\t\t<div class=\"section-content__heading split-text js-split-text mb-1\" data-split-text-type=\"lines,words\" data-split-text-set=\"words\"><h2 style=\"text-align: center;\">Qui Nous Sommes<\/h2><\/div>\n\t\t\t\t\t\t\t\t\t\t\t<\/div>\n\t\t\t\t\t\t\t\t\t\t\t\t\t<div class=\"section-content__wrapper-content\">\n\t\t\t\t\t\t\t\t\t\t\t\t\t<div class=\"w-100\"><\/div>\n\t\t\t\t\t\t\t\t\t\t\t\t\t\t<div class=\"section__headline mt-1 mt-md-2 mb-1 mb-md-2\"><\/div>\n\t\t\t\t\t\t\t\t\t\t\t\t\t\t\t\t\t\t\t<div class=\"w-100\"><\/div>\n\t\t\t\t\t\t\t<div class=\"section-content__text split-text js-split-text\" data-split-text-type=\"lines\" data-split-text-set=\"lines\">Aroska est un hub ou un connecteur pour des projets de conseil multi dimensionnels et disciplinaires et des solutions technologiques (logiciels et mat\u00e9riels) pour organisations nationales et transnationales qui souhaitent augmenter leurs r\u00e9sultats. Le mot cl\u00e9 est d'accepter les comp\u00e9tences.\n<\/div>\n\t\t\t\t\t\t\t\t\t\t\t<\/div>\n\t\t\t\t\t\t\t\t\t\t\t<\/div>\n\t\t\t\t\t\t\t\t\t\t\t\t\t\t<\/div>\n\n\t\t\t\t<\/div>\n\t\t\t\t<\/div>\n\t\t\t\t\t\t<\/div>\n\t\t\t\t\t<\/div>\n\t\t<\/div>\n\t\t\t\t\t\t\t\t<\/div>\n\t\t\t\t\t<\/div>\n\t\t<\/section>\n\t\t\t\t<section class=\"elementor-section elementor-top-section elementor-element elementor-element-4d527e0 pt-small bg-light-1 flux-elementor-theme-dark icon-aroska elementor-section-boxed elementor-section-height-default elementor-section-height-default elementor-invisible\" data-id=\"4d527e0\" data-element_type=\"section\" data-settings=\"{&quot;animation&quot;:&quot;fadeIn&quot;}\">\n\t\t\t\t\t\t<div class=\"elementor-container elementor-column-gap-default\">\n\t\t\t\t\t\t\t<div class=\"elementor-row\">\n\t\t\t\t\t<div class=\"elementor-column elementor-col-100 elementor-top-column elementor-element elementor-element-f495ab7\" data-id=\"f495ab7\" data-element_type=\"column\">\n\t\t\t<div class=\"elementor-column-wrap elementor-element-populated\">\n\t\t\t\t\t\t\t<div class=\"elementor-widget-wrap\">\n\t\t\t\t\t\t<div class=\"elementor-element elementor-element-d6b2ec4 elementor-position-left elementor-vertical-align-middle elementor-widget elementor-widget-image-box\" data-id=\"d6b2ec4\" data-element_type=\"widget\" data-settings=\"{&quot;_animation_tablet&quot;:&quot;fadeInDown&quot;}\" data-widget_type=\"image-box.default\">\n\t\t\t\t<div class=\"elementor-widget-container\">\n\t\t\t<div class=\"elementor-image-box-wrapper\"><figure class=\"elementor-image-box-img\"><img width=\"1000\" height=\"1000\" src=\"https:\/\/aroska.pt\/wp-content\/uploads\/2020\/12\/aroska_icon.png\" class=\"elementor-animation-grow attachment-full size-full\" alt=\"\" loading=\"lazy\" srcset=\"https:\/\/aroska.pt\/wp-content\/uploads\/2020\/12\/aroska_icon.png 1000w, https:\/\/aroska.pt\/wp-content\/uploads\/2020\/12\/aroska_icon-300x300.png 300w, https:\/\/aroska.pt\/wp-content\/uploads\/2020\/12\/aroska_icon-150x150.png 150w, https:\/\/aroska.pt\/wp-content\/uploads\/2020\/12\/aroska_icon-768x768.png 768w\" sizes=\"(max-width: 1000px) 100vw, 1000px\" \/><\/figure><\/div>\t\t<\/div>\n\t\t\t\t<\/div>\n\t\t\t\t<div class=\"elementor-element elementor-element-92d23dc elementor-widget__width-auto elementor-absolute elementor-hidden-tablet elementor-hidden-phone elementor-widget elementor-widget-image\" data-id=\"92d23dc\" data-element_type=\"widget\" data-settings=\"{&quot;_position&quot;:&quot;absolute&quot;}\" data-widget_type=\"image.default\">\n\t\t\t\t<div class=\"elementor-widget-container\">\n\t\t\t\t\t<div class=\"elementor-image\">\n\t\t\t\t\t\t\t\t\t\t<img width=\"226\" height=\"250\" src=\"https:\/\/aroska.pt\/wp-content\/uploads\/2020\/12\/connect_left.svg\" class=\"attachment-full size-full\" alt=\"\" loading=\"lazy\" \/>\t\t\t\t\t\t\t\t\t\t\t<\/div>\n\t\t\t\t<\/div>\n\t\t\t\t<\/div>\n\t\t\t\t<div class=\"elementor-element elementor-element-ccdf0eb elementor-widget__width-auto elementor-absolute elementor-hidden-tablet elementor-hidden-phone elementor-widget elementor-widget-image\" data-id=\"ccdf0eb\" data-element_type=\"widget\" data-settings=\"{&quot;_position&quot;:&quot;absolute&quot;}\" data-widget_type=\"image.default\">\n\t\t\t\t<div class=\"elementor-widget-container\">\n\t\t\t\t\t<div class=\"elementor-image\">\n\t\t\t\t\t\t\t\t\t\t<img width=\"225\" height=\"250\" src=\"https:\/\/aroska.pt\/wp-content\/uploads\/2020\/12\/con_right.svg\" class=\"attachment-full size-full\" alt=\"\" loading=\"lazy\" \/>\t\t\t\t\t\t\t\t\t\t\t<\/div>\n\t\t\t\t<\/div>\n\t\t\t\t<\/div>\n\t\t\t\t<div class=\"elementor-element elementor-element-4563508 elementor-widget__width-inherit elementor-absolute elementor-hidden-tablet elementor-hidden-phone elementor-widget elementor-widget-image\" data-id=\"4563508\" data-element_type=\"widget\" data-settings=\"{&quot;_position&quot;:&quot;absolute&quot;}\" data-widget_type=\"image.default\">\n\t\t\t\t<div class=\"elementor-widget-container\">\n\t\t\t\t\t<div class=\"elementor-image\">\n\t\t\t\t\t\t\t\t\t\t<img width=\"30\" height=\"188\" src=\"https:\/\/aroska.pt\/wp-content\/uploads\/2020\/12\/connect_center.svg\" class=\"attachment-full size-full\" alt=\"\" loading=\"lazy\" \/>\t\t\t\t\t\t\t\t\t\t\t<\/div>\n\t\t\t\t<\/div>\n\t\t\t\t<\/div>\n\t\t\t\t\t\t<\/div>\n\t\t\t\t\t<\/div>\n\t\t<\/div>\n\t\t\t\t\t\t\t\t<\/div>\n\t\t\t\t\t<\/div>\n\t\t<\/section>\n\t\t\t\t<section class=\"elementor-section elementor-top-section elementor-element elementor-element-c19c298 pb-medium bg-light-1 flux-elementor-theme-dark elementor-section-boxed elementor-section-height-default elementor-section-height-default elementor-invisible\" data-id=\"c19c298\" data-element_type=\"section\" data-settings=\"{&quot;animation&quot;:&quot;fadeIn&quot;}\">\n\t\t\t\t\t\t<div class=\"elementor-container elementor-column-gap-default\">\n\t\t\t\t\t\t\t<div class=\"elementor-row\">\n\t\t\t\t\t<div class=\"elementor-column elementor-col-33 elementor-top-column elementor-element elementor-element-765b084\" data-id=\"765b084\" data-element_type=\"column\">\n\t\t\t<div class=\"elementor-column-wrap elementor-element-populated\">\n\t\t\t\t\t\t\t<div class=\"elementor-widget-wrap\">\n\t\t\t\t\t\t<div class=\"elementor-element elementor-element-81d2066 elementor-position-left elementor-vertical-align-middle elementor-widget elementor-widget-image-box\" data-id=\"81d2066\" data-element_type=\"widget\" data-settings=\"{&quot;_animation_tablet&quot;:&quot;fadeInLeft&quot;}\" data-widget_type=\"image-box.default\">\n\t\t\t\t<div class=\"elementor-widget-container\">\n\t\t\t<div class=\"elementor-image-box-wrapper\"><figure class=\"elementor-image-box-img\"><img width=\"132\" height=\"122\" src=\"https:\/\/aroska.pt\/wp-content\/uploads\/2020\/12\/cons.svg\" class=\"elementor-animation-grow attachment-full size-full\" alt=\"\" loading=\"lazy\" \/><\/figure><div class=\"elementor-image-box-content\"><span class=\"elementor-image-box-title\">CONSULTATION<\/span><p class=\"elementor-image-box-description\">Multidimensionnel et <br\/> Disciplinaire<\/p><\/div><\/div>\t\t<\/div>\n\t\t\t\t<\/div>\n\t\t\t\t\t\t<\/div>\n\t\t\t\t\t<\/div>\n\t\t<\/div>\n\t\t\t\t<div class=\"elementor-column elementor-col-33 elementor-top-column elementor-element elementor-element-31c8ede\" data-id=\"31c8ede\" data-element_type=\"column\">\n\t\t\t<div class=\"elementor-column-wrap elementor-element-populated\">\n\t\t\t\t\t\t\t<div class=\"elementor-widget-wrap\">\n\t\t\t\t\t\t<div class=\"elementor-element elementor-element-8d2cdcf elementor-position-left elementor-vertical-align-middle elementor-widget elementor-widget-image-box\" data-id=\"8d2cdcf\" data-element_type=\"widget\" data-settings=\"{&quot;_animation_tablet&quot;:&quot;fadeInLeft&quot;}\" data-widget_type=\"image-box.default\">\n\t\t\t\t<div class=\"elementor-widget-container\">\n\t\t\t<div class=\"elementor-image-box-wrapper\"><figure class=\"elementor-image-box-img\"><img width=\"132\" height=\"122\" src=\"https:\/\/aroska.pt\/wp-content\/uploads\/2020\/12\/tech_trans.svg\" class=\"elementor-animation-grow attachment-full size-full\" alt=\"\" loading=\"lazy\" \/><\/figure><div class=\"elementor-image-box-content\"><span class=\"elementor-image-box-title\">TECHNOLOGIQUE<br\/> SOLUTION<\/span><p class=\"elementor-image-box-description\">Software and Hardware<\/p><\/div><\/div>\t\t<\/div>\n\t\t\t\t<\/div>\n\t\t\t\t\t\t<\/div>\n\t\t\t\t\t<\/div>\n\t\t<\/div>\n\t\t\t\t<div class=\"elementor-column elementor-col-33 elementor-top-column elementor-element elementor-element-97bcce9\" data-id=\"97bcce9\" data-element_type=\"column\">\n\t\t\t<div class=\"elementor-column-wrap elementor-element-populated\">\n\t\t\t\t\t\t\t<div class=\"elementor-widget-wrap\">\n\t\t\t\t\t\t<div class=\"elementor-element elementor-element-89d7c26 elementor-position-left elementor-vertical-align-middle elementor-widget elementor-widget-image-box\" data-id=\"89d7c26\" data-element_type=\"widget\" data-settings=\"{&quot;_animation_tablet&quot;:&quot;fadeInLeft&quot;}\" data-widget_type=\"image-box.default\">\n\t\t\t\t<div class=\"elementor-widget-container\">\n\t\t\t<div class=\"elementor-image-box-wrapper\"><figure class=\"elementor-image-box-img\"><img width=\"132\" height=\"122\" src=\"https:\/\/aroska.pt\/wp-content\/uploads\/2020\/12\/world_trans.svg\" class=\"elementor-animation-grow attachment-full size-full\" alt=\"\" loading=\"lazy\" \/><\/figure><div class=\"elementor-image-box-content\"><span class=\"elementor-image-box-title\">ORGANISATIONS<\/span><p class=\"elementor-image-box-description\">National et <br\/> Transnational<\/p><\/div><\/div>\t\t<\/div>\n\t\t\t\t<\/div>\n\t\t\t\t\t\t<\/div>\n\t\t\t\t\t<\/div>\n\t\t<\/div>\n\t\t\t\t\t\t\t\t<\/div>\n\t\t\t\t\t<\/div>\n\t\t<\/section>\n\t\t\t\t<section class=\"elementor-section elementor-top-section elementor-element elementor-element-bc06a36 bg-white flux-elementor-theme-dark pt-medium pb-medium elementor-section-boxed elementor-section-height-default elementor-section-height-default\" data-id=\"bc06a36\" data-element_type=\"section\">\n\t\t\t\t\t\t<div class=\"elementor-container elementor-column-gap-default\">\n\t\t\t\t\t\t\t<div class=\"elementor-row\">\n\t\t\t\t\t<div class=\"elementor-column elementor-col-100 elementor-top-column elementor-element elementor-element-af8ec80\" data-id=\"af8ec80\" data-element_type=\"column\">\n\t\t\t<div class=\"elementor-column-wrap elementor-element-populated\">\n\t\t\t\t\t\t\t<div class=\"elementor-widget-wrap\">\n\t\t\t\t\t\t<div class=\"elementor-element elementor-element-9d73e43 elementor-invisible elementor-widget elementor-widget-image\" data-id=\"9d73e43\" data-element_type=\"widget\" data-settings=\"{&quot;_animation&quot;:&quot;fadeIn&quot;}\" data-widget_type=\"image.default\">\n\t\t\t\t<div class=\"elementor-widget-container\">\n\t\t\t\t\t<div class=\"elementor-image\">\n\t\t\t\t\t\t\t\t\t\t<img width=\"600\" height=\"530\" src=\"https:\/\/aroska.pt\/wp-content\/uploads\/2020\/12\/aroska_values.svg\" class=\"attachment-full size-full\" alt=\"\" loading=\"lazy\" \/>\t\t\t\t\t\t\t\t\t\t\t<\/div>\n\t\t\t\t<\/div>\n\t\t\t\t<\/div>\n\t\t\t\t\t\t<\/div>\n\t\t\t\t\t<\/div>\n\t\t<\/div>\n\t\t\t\t\t\t\t\t<\/div>\n\t\t\t\t\t<\/div>\n\t\t<\/section>\n\t\t\t\t<section class=\"elementor-section elementor-top-section elementor-element elementor-element-ab6df64 pt-medium pb-medium bg-dark-1 flux-elementor-theme-light elementor-section-boxed elementor-section-height-default elementor-section-height-default\" data-id=\"ab6df64\" data-element_type=\"section\">\n\t\t\t\t\t\t\t<div class=\"elementor-background-overlay\"><\/div>\n\t\t\t\t\t\t\t<div class=\"elementor-container elementor-column-gap-default\">\n\t\t\t\t\t\t\t<div class=\"elementor-row\">\n\t\t\t\t\t<div class=\"elementor-column elementor-col-100 elementor-top-column elementor-element elementor-element-73b192d strategy\" data-id=\"73b192d\" data-element_type=\"column\">\n\t\t\t<div class=\"elementor-column-wrap elementor-element-populated\">\n\t\t\t\t\t\t\t<div class=\"elementor-widget-wrap\">\n\t\t\t\t\t\t<div class=\"elementor-element elementor-element-ad047ca text-center strategy elementor-widget elementor-widget-flux-widget-content-block\" data-id=\"ad047ca\" data-element_type=\"widget\" data-widget_type=\"flux-widget-content-block.default\">\n\t\t\t\t<div class=\"elementor-widget-container\">\n\t\t\t\n\t\t<div class=\"section section-content clearfix\" data-flux-os-animation=\"true\">\n\t\t\t\t\t\t<div class=\"section-content__inner\">\n\t\t\t\t\t\t\t\t\t<div class=\"section-content__wrapper-heading\">\n\t\t\t\t\t\t\t\t\t\t\t\t\t\t\t\t\t\t\t<div class=\"section-content__heading split-text js-split-text mb-1\" data-split-text-type=\"lines,words\" data-split-text-set=\"words\"><h3>Strat\u00e9gie d'entreprise<\/h3><\/div>\n\t\t\t\t\t\t\t\t\t\t\t<\/div>\n\t\t\t\t\t\t\t\t\t\t\t\t\t<div class=\"section-content__wrapper-content\">\n\t\t\t\t\t\t\t\t\t\t\t\t\t<div class=\"w-100\"><\/div>\n\t\t\t\t\t\t\t\t\t\t\t\t\t\t<div class=\"section__headline mt-1 mt-md-2 mb-1 mb-md-2\"><\/div>\n\t\t\t\t\t\t\t\t\t\t\t\t\t\t\t\t\t\t\t<div class=\"w-100\"><\/div>\n\t\t\t\t\t\t\t<div class=\"section-content__text split-text js-split-text\" data-split-text-type=\"lines\" data-split-text-set=\"lines\"><p>Aroska investit dans une strat\u00e9gie d'analyse et de d\u00e9veloppement de solutions personnalis\u00e9es en conseil et technologie r\u00e9sultant de l'exp\u00e9rience du cr\u00e9ateur de l entreprise (15 ans) en tant qu'entrepreneur dans diff\u00e9rents secteurs d'activit\u00e9 (exs., carburants, d\u00e9veloppement web, marketing digital) et consultant (exs., march\u00e9s financiers, t\u00e9l\u00e9communications).<\/p><p>Et, dans une structure de partenariat pour promouvoir la valeur ajout\u00e9e aupr\u00e8s du client. Ces partenariats sont le r\u00e9sultat d'ann\u00e9es d'interaction entre le fondateur d'Aroska et des partenaires via des r\u00e9seaux de r\u00e9seautage (ex., BNI) et\/ou des communaut\u00e9  d'entreprises (ex., Liit). Cette connaissance approfondie des forces des partenaires et des relations de travail continue joue un r\u00f4le important dans la cr\u00e9ation de valeur ajout\u00e9e pour le client.<\/p><p>Augmenter les r\u00e9sultats (optimiser), c'est accepter les comp\u00e9tences d'Aroska!<\/p><\/div>\n\t\t\t\t\t\t\t\t\t\t\t<\/div>\n\t\t\t\t\t\t\t\t\t\t\t\t\t<div class=\"section-content__button mt-2\">\n\t\t\t\t\t\t<a class=\"button button_bordered bg-dark-1\" href=\"https:\/\/aroska.pt\/fr\/contacts\/\" data-hover=\"Contact Us Now\">\n\t\t\t\t\t\t\t<span class=\"button__label-hover\">Contactez-nous<\/span>\n\t\t\t\t\t\t<\/a>\n\t\t\t\t\t<\/div>\n\t\t\t\t\t\t\t<\/div>\n\t\t\t\t\t\t\t\t\t\t\t\t\t\t<\/div>\n\n\t\t\t\t<\/div>\n\t\t\t\t<\/div>\n\t\t\t\t\t\t<\/div>\n\t\t\t\t\t<\/div>\n\t\t<\/div>\n\t\t\t\t\t\t\t\t<\/div>\n\t\t\t\t\t<\/div>\n\t\t<\/section>\n\t\t\t\t<section class=\"elementor-section elementor-top-section elementor-element elementor-element-587fc31 pt-medium pb-medium bg-dark-1 flux-elementor-theme-light elementor-section-boxed elementor-section-height-default elementor-section-height-default\" data-id=\"587fc31\" data-element_type=\"section\">\n\t\t\t\t\t\t<div class=\"elementor-container elementor-column-gap-default\">\n\t\t\t\t\t\t\t<div class=\"elementor-row\">\n\t\t\t\t\t<div class=\"elementor-column elementor-col-100 elementor-top-column elementor-element elementor-element-f6520cb\" data-id=\"f6520cb\" data-element_type=\"column\">\n\t\t\t<div class=\"elementor-column-wrap elementor-element-populated\">\n\t\t\t\t\t\t\t<div class=\"elementor-widget-wrap\">\n\t\t\t\t\t\t<div class=\"elementor-element elementor-element-3d9e01f text-center elementor-widget elementor-widget-flux-widget-content-block\" data-id=\"3d9e01f\" data-element_type=\"widget\" data-widget_type=\"flux-widget-content-block.default\">\n\t\t\t\t<div class=\"elementor-widget-container\">\n\t\t\t\n\t\t<div class=\"section section-content clearfix  pb-xsmall\" data-flux-os-animation=\"true\">\n\t\t\t\t\t\t<div class=\"section-content__inner\">\n\t\t\t\t\t\t\t\t\t<div class=\"section-content__wrapper-heading\">\n\t\t\t\t\t\t\t\t\t\t\t\t\t\t\t\t\t\t\t<div class=\"section-content__heading split-text js-split-text\" data-split-text-type=\"lines,words\" data-split-text-set=\"words\"><h3>Nos Partenaires<\/h3><\/div>\n\t\t\t\t\t\t\t\t\t\t\t<\/div>\n\t\t\t\t\t\t\t\t\t\t\t\t\t<div class=\"section-content__wrapper-content\">\n\t\t\t\t\t\t\t\t\t\t\t\t\t<div class=\"w-100\"><\/div>\n\t\t\t\t\t\t\t\t\t\t\t\t\t\t<div class=\"section__headline mt-1 mt-md-2\"><\/div>\n\t\t\t\t\t\t\t\t\t\t\t\t\t\t\t\t\t<\/div>\n\t\t\t\t\t\t\t\t\t\t\t<\/div>\n\t\t\t\t\t\t\t\t\t\t\t\t\t\t<\/div>\n\n\t\t\t\t<\/div>\n\t\t\t\t<\/div>\n\t\t\t\t<div class=\"elementor-element elementor-element-8a7d052 bdt-logo-grid--col-5 bdt-logo-grid--box bdt-logo-grid--col--tablet2 bdt-logo-grid--col--mobile2 elementor-widget elementor-widget-bdt-logo-grid\" data-id=\"8a7d052\" data-element_type=\"widget\" data-widget_type=\"bdt-logo-grid.default\">\n\t\t\t\t<div class=\"elementor-widget-container\">\n\t\t\t\n        <div class=\"bdt-logo-grid-wrapper\" bdt-scrollspy=\"cls: bdt-animation-fade; delay: 150; target: &gt; .bdt-logo-grid-item;\">\n                            <div class=\"bdt-logo-grid-item\" data-tippy-content=\"&lt;div&gt;&lt;strong&gt;Circles&lt;\/strong&gt;&lt;\/div&gt;\">\n                    <figure class=\"bdt-logo-grid-figure\">\n                    <img width=\"62\" height=\"62\" src=\"https:\/\/aroska.pt\/wp-content\/uploads\/2020\/12\/partners-11.svg\" class=\"bdt-logo-grid-img elementor-animation-\" alt=\"Circles : \" loading=\"lazy\" srcset=\"https:\/\/aroska.pt\/wp-content\/uploads\/\/2020\/12\/partners-11.svg 150w, https:\/\/aroska.pt\/wp-content\/uploads\/\/2020\/12\/partners-11.svg 300w, https:\/\/aroska.pt\/wp-content\/uploads\/\/2020\/12\/partners-11.svg 1024w, https:\/\/aroska.pt\/wp-content\/uploads\/\/2020\/12\/partners-11.svg 62w\" sizes=\"(max-width: 62px) 100vw, 62px\" \/>\n                    <\/figure>\n                <\/div>\n                            <div class=\"bdt-logo-grid-item\" data-tippy-content=\"&lt;div&gt;&lt;strong&gt;BitPro&lt;\/strong&gt;&lt;\/div&gt;\">\n                    <figure class=\"bdt-logo-grid-figure\">\n                    <img width=\"69\" height=\"64\" src=\"https:\/\/aroska.pt\/wp-content\/uploads\/2020\/12\/partners-6.svg\" class=\"bdt-logo-grid-img elementor-animation-\" alt=\"BitPro : \" loading=\"lazy\" \/>\n                    <\/figure>\n                <\/div>\n                            <div class=\"bdt-logo-grid-item\" data-tippy-content=\"&lt;div&gt;&lt;strong&gt;CSI.pt&lt;\/strong&gt;&lt;\/div&gt;\">\n                    <figure class=\"bdt-logo-grid-figure\">\n                    <img width=\"100\" height=\"28\" src=\"https:\/\/aroska.pt\/wp-content\/uploads\/2020\/12\/partners-5.svg\" class=\"bdt-logo-grid-img elementor-animation-\" alt=\"CSI.pt : \" loading=\"lazy\" \/>\n                    <\/figure>\n                <\/div>\n                            <div class=\"bdt-logo-grid-item\" data-tippy-content=\"&lt;div&gt;&lt;strong&gt;Content&lt;\/strong&gt;&lt;\/div&gt;\">\n                    <figure class=\"bdt-logo-grid-figure\">\n                    <img width=\"131\" height=\"22\" src=\"https:\/\/aroska.pt\/wp-content\/uploads\/2020\/12\/partners-2.svg\" class=\"bdt-logo-grid-img elementor-animation-\" alt=\"Content : \" loading=\"lazy\" \/>\n                    <\/figure>\n                <\/div>\n                            <div class=\"bdt-logo-grid-item\" data-tippy-content=\"&lt;div&gt;&lt;strong&gt;DWSI&lt;\/strong&gt;&lt;\/div&gt;\">\n                    <figure class=\"bdt-logo-grid-figure\">\n                    <img width=\"88\" height=\"22\" src=\"https:\/\/aroska.pt\/wp-content\/uploads\/2020\/12\/partners-12.svg\" class=\"bdt-logo-grid-img elementor-animation-\" alt=\"DWSI : \" loading=\"lazy\" \/>\n                    <\/figure>\n                <\/div>\n                            <div class=\"bdt-logo-grid-item\" data-tippy-content=\"&lt;div&gt;&lt;strong&gt;Factor Principal&lt;\/strong&gt;&lt;\/div&gt;\">\n                    <figure class=\"bdt-logo-grid-figure\">\n                    <img width=\"100\" height=\"59\" src=\"https:\/\/aroska.pt\/wp-content\/uploads\/2020\/12\/partners-8.svg\" class=\"bdt-logo-grid-img elementor-animation-\" alt=\"Factor Principal : \" loading=\"lazy\" \/>\n                    <\/figure>\n                <\/div>\n                            <div class=\"bdt-logo-grid-item\" data-tippy-content=\"&lt;div&gt;&lt;strong&gt;Freeboard&lt;\/strong&gt;&lt;\/div&gt;\">\n                    <figure class=\"bdt-logo-grid-figure\">\n                    <img width=\"155\" height=\"42\" src=\"https:\/\/aroska.pt\/wp-content\/uploads\/2020\/12\/partners-9.svg\" class=\"bdt-logo-grid-img elementor-animation-\" alt=\"Freeboard : \" loading=\"lazy\" \/>\n                    <\/figure>\n                <\/div>\n                            <div class=\"bdt-logo-grid-item\" data-tippy-content=\"&lt;div&gt;&lt;strong&gt;Jos\u00e9 Serrano&lt;\/strong&gt;&lt;\/div&gt;\">\n                    <figure class=\"bdt-logo-grid-figure\">\n                    <img width=\"85\" height=\"57\" src=\"https:\/\/aroska.pt\/wp-content\/uploads\/2020\/12\/partners-10.svg\" class=\"bdt-logo-grid-img elementor-animation-\" alt=\"Jos\u00e9 Serrano : \" loading=\"lazy\" \/>\n                    <\/figure>\n                <\/div>\n                            <div class=\"bdt-logo-grid-item\" data-tippy-content=\"&lt;div&gt;&lt;strong&gt;LIIT&lt;\/strong&gt;&lt;\/div&gt;\">\n                    <figure class=\"bdt-logo-grid-figure\">\n                    <img width=\"166\" height=\"43\" src=\"https:\/\/aroska.pt\/wp-content\/uploads\/2020\/12\/partners-13.svg\" class=\"bdt-logo-grid-img elementor-animation-\" alt=\"LIIT : \" loading=\"lazy\" \/>\n                    <\/figure>\n                <\/div>\n                            <div class=\"bdt-logo-grid-item\" data-tippy-content=\"&lt;div&gt;&lt;strong&gt;Mind Over Data&lt;\/strong&gt;&lt;\/div&gt;\">\n                    <figure class=\"bdt-logo-grid-figure\">\n                    <img width=\"53\" height=\"48\" src=\"https:\/\/aroska.pt\/wp-content\/uploads\/2020\/12\/partners-1.svg\" class=\"bdt-logo-grid-img elementor-animation-\" alt=\"Mind Over Data : \" loading=\"lazy\" \/>\n                    <\/figure>\n                <\/div>\n                            <div class=\"bdt-logo-grid-item\" data-tippy-content=\"&lt;div&gt;&lt;strong&gt;Numintec&lt;\/strong&gt;&lt;\/div&gt;\">\n                    <figure class=\"bdt-logo-grid-figure\">\n                    <img width=\"117\" height=\"16\" src=\"https:\/\/aroska.pt\/wp-content\/uploads\/2020\/12\/partners-7.svg\" class=\"bdt-logo-grid-img elementor-animation-\" alt=\"Numintec : \" loading=\"lazy\" \/>\n                    <\/figure>\n                <\/div>\n                            <div class=\"bdt-logo-grid-item\" data-tippy-content=\"&lt;div&gt;&lt;strong&gt;Partneer&lt;\/strong&gt;&lt;\/div&gt;\">\n                    <figure class=\"bdt-logo-grid-figure\">\n                    <img width=\"124\" height=\"18\" src=\"https:\/\/aroska.pt\/wp-content\/uploads\/2020\/12\/partners-4.svg\" class=\"bdt-logo-grid-img elementor-animation-\" alt=\"Partneer : \" loading=\"lazy\" \/>\n                    <\/figure>\n                <\/div>\n                            <div class=\"bdt-logo-grid-item\" data-tippy-content=\"&lt;div&gt;&lt;strong&gt;Solos&lt;\/strong&gt;&lt;\/div&gt;\">\n                    <figure class=\"bdt-logo-grid-figure\">\n                    <img width=\"91\" height=\"12\" src=\"https:\/\/aroska.pt\/wp-content\/uploads\/2020\/12\/partners-3.svg\" class=\"bdt-logo-grid-img elementor-animation-\" alt=\"Solos : \" loading=\"lazy\" \/>\n                    <\/figure>\n                <\/div>\n                    <\/div>\n\n        \t\t<\/div>\n\t\t\t\t<\/div>\n\t\t\t\t\t\t<\/div>\n\t\t\t\t\t<\/div>\n\t\t<\/div>\n\t\t\t\t\t\t\t\t<\/div>\n\t\t\t\t\t<\/div>\n\t\t<\/section>\n\t\t\t\t\t\t<\/div>\n\t\t\t\t\t\t<\/div>\n\t\t\t\t\t<\/div>","protected":false},"excerpt":{"rendered":"<p>About Us Aroska is a hub or connector for multi dimensional and disciplinary consulting projects and technological solutions (software and hardware) for national and transnational organisations that desire to increase results. The keyword is to accept skills. CONSULTING Multidimensional and Disciplinary TECHNOLOGIC SOLUTIONS Software and Hardware ORGANIZATIONS National and Transnational Company Strategy Aroska invests on [&hellip;]<\/p>","protected":false},"author":2,"featured_media":0,"parent":0,"menu_order":0,"comment_status":"closed","ping_status":"closed","template":"elementor_header_footer","meta":[],"_links":{"self":[{"href":"https:\/\/aroska.pt\/fr\/wp-json\/wp\/v2\/pages\/18"}],"collection":[{"href":"https:\/\/aroska.pt\/fr\/wp-json\/wp\/v2\/pages"}],"about":[{"href":"https:\/\/aroska.pt\/fr\/wp-json\/wp\/v2\/types\/page"}],"author":[{"embeddable":true,"href":"https:\/\/aroska.pt\/fr\/wp-json\/wp\/v2\/users\/2"}],"replies":[{"embeddable":true,"href":"https:\/\/aroska.pt\/fr\/wp-json\/wp\/v2\/comments?post=18"}],"version-history":[{"count":211,"href":"https:\/\/aroska.pt\/fr\/wp-json\/wp\/v2\/pages\/18\/revisions"}],"predecessor-version":[{"id":752,"href":"https:\/\/aroska.pt\/fr\/wp-json\/wp\/v2\/pages\/18\/revisions\/752"}],"wp:attachment":[{"href":"https:\/\/aroska.pt\/fr\/wp-json\/wp\/v2\/media?parent=18"}],"curies":[{"name":"wp","href":"https:\/\/api.w.org\/{rel}","templated":true}]}}